{"id":82,"date":"2024-05-15T17:08:22","date_gmt":"2024-05-15T17:08:22","guid":{"rendered":"https:\/\/maisonlombardi.com\/?page_id=82"},"modified":"2025-10-15T18:17:36","modified_gmt":"2025-10-15T17:17:36","slug":"homepage","status":"publish","type":"page","link":"https:\/\/maisonlombardi.com\/","title":{"rendered":"Homepage"},"content":{"rendered":"\n    \n    <section class=\"u-black u-clearfix u-section-2\" id=\"sec-2982\">\n      <div class=\"u-expanded u-video u-video-contain u-video-1\">\n        <div class=\"embed-responsive embed-responsive-1\">\n          <iframe style=\"position: absolute;top: 0;left: 0;width: 100%;height: 100%;\" class=\"embed-responsive-item\" src=\"https:\/\/player.vimeo.com\/video\/348629220?loop=1&amp;muted=1&amp;title=0&amp;autoplay=1\" data-autoplay=\"1\" frameborder=\"0\" allowfullscreen=\"\"><\/iframe>\n        <\/div>\n      <\/div>\n    <\/section>\n    <section class=\"u-clearfix u-video u-video-contain u-section-3\" id=\"sec-5845\">\n      <div class=\"u-background-video u-expanded u-video-contain\" style=\"\">\n        <div class=\"embed-responsive embed-responsive-1\">\n          <iframe style=\"position: absolute;top: 0;left: 0;width: 100%;height: 100%;\" class=\"embed-responsive-item\" src=\"https:\/\/www.youtube.com\/embed\/I0coyqjjcEk?playlist=I0coyqjjcEk&amp;loop=1&amp;mute=1&amp;showinfo=0&amp;controls=0&amp;start=0&amp;autoplay=1\" data-autoplay=\"1\" frameborder=\"0\" allowfullscreen=\"\"><\/iframe>\n        <\/div>\n        <div class=\"u-video-shading\"><\/div>\n      <\/div>\n      <div class=\"u-clearfix u-sheet u-sheet-1\"><\/div>\n    <\/section>\n    <section class=\"u-align-center u-clearfix u-container-align-center u-palette-1-base u-section-4\" id=\"carousel_25d8\">\n      <div class=\"u-clearfix u-sheet u-sheet-1\">\n        <blockquote class=\"u-border-20 u-border-palette-1-light-2 u-custom-font u-font-playfair-display u-text u-text-1\">Maison Lombardi<\/blockquote>\n        <p class=\"u-custom-font u-font-playfair-display u-text u-text-2\">20 anni fa Edgar Jos\u00e8 Lombardi, diplomato all'accademia di Moda, avvia la sua attivit\u00e0 di stilista. Lavora inizialmente come designer per i pi\u00f9 grandi nomi della moda italiana, e tutt'ora collabora con alcuni di essi. Ma presto sente la necessit\u00e0 di esprimere la sua idea di moda e di bellezza e crea due marchi che segnano il suo ingresso nel mondo della moda italiana: Maison Lombardi Haute Couture e J&amp;Gi\u00f2, la sua linea pret a porter<\/p>\n      <\/div>\n    <\/section>\n    <section class=\"u-align-center u-clearfix u-container-align-center u-palette-2-light-3 u-section-5\" id=\"carousel_3503\">\n      <div class=\"u-clearfix u-sheet u-sheet-1\">\n        <h2 class=\"u-text u-text-1\">Le nostre linee<\/h2>\n        <div class=\"u-expanded-width u-list u-list-1\">\n          <div class=\"u-repeater u-repeater-1\">\n            <div class=\"u-container-style u-list-item u-radius-20 u-repeater-item u-shape-round u-video-cover u-white u-list-item-1\">\n              <div class=\"u-container-layout u-similar-container u-valign-top-lg u-valign-top-md u-valign-top-xl u-container-layout-1\">\n                <img decoding=\"async\" alt=\"\" class=\"u-expanded-width u-image u-image-contain u-image-round u-radius-10 u-image-1\" data-image-width=\"1080\" data-image-height=\"1080\" src=\"https:\/\/maisonlombardi.com\/wp-content\/uploads\/2024\/05\/20200706-antonella047sq.jpg\">\n                <h4 class=\"u-text u-text-palette-2-base u-text-2\">DONNA<\/h4>\n                <p class=\"u-text u-text-default u-text-3\">La donna di Maison Lombardi \u00e8 fortemente femminile, ed impreziosita ta tagli magistrali e tessuti ricercati<\/p>\n                <a href=\"https:\/\/maisonlombardi.com\/?page_id=83\" class=\"u-active-black u-border-none u-btn u-btn-round u-button-style u-hover-black u-palette-2-base u-radius-50 u-btn-1\">vedi<\/a>\n              <\/div>\n            <\/div>\n            <div class=\"u-container-style u-list-item u-radius-20 u-repeater-item u-shape-round u-video-cover u-white u-list-item-2\">\n              <div class=\"u-container-layout u-similar-container u-valign-top-lg u-valign-top-md u-valign-top-xl u-container-layout-2\">\n                <img decoding=\"async\" alt=\"\" class=\"u-expanded-width u-image u-image-contain u-image-round u-radius-10 u-image-2\" src=\"https:\/\/maisonlombardi.com\/wp-content\/uploads\/2024\/05\/20190723_edoardo001sq.jpg\" data-image-width=\"800\" data-image-height=\"800\">\n                <h4 class=\"u-text u-text-palette-2-base u-text-4\">UOMO<\/h4>\n                <p class=\"u-text u-text-default u-text-5\">Nata dalla collaborazione con Giovanni FIlangieri \u00e8 unalinea molto elegante e raffinata<\/p>\n                <a href=\"https:\/\/maisonlombardi.com\/?page_id=79\" class=\"u-active-black u-border-none u-btn u-btn-round u-button-style u-hover-black u-palette-2-base u-radius-50 u-btn-2\">VEDI<\/a>\n              <\/div>\n            <\/div>\n            <div class=\"u-container-style u-list-item u-radius-20 u-repeater-item u-shape-round u-white u-list-item-3\">\n              <div class=\"u-container-layout u-similar-container u-valign-top-lg u-valign-top-md u-valign-top-xl u-container-layout-3\">\n                <img decoding=\"async\" alt=\"\" class=\"u-expanded-width u-image u-image-contain u-image-round u-radius-10 u-image-3\" src=\"https:\/\/maisonlombardi.com\/wp-content\/uploads\/2024\/05\/20180609-marinaorlova051sq-1.jpg\" data-image-width=\"1080\" data-image-height=\"1080\">\n                <h4 class=\"u-text u-text-palette-2-base u-text-6\">LINEA J&amp;GIO<\/h4>\n                <p class=\"u-text u-text-default u-text-7\">J&amp;Gio \u00e8 il brand creato per la linea giovanile e frizzante della maison. Una linea ricca di outfit&nbsp;<\/p>\n                <a href=\"https:\/\/maisonlombardi.com\/?page_id=81\" class=\"u-active-black u-border-none u-btn u-btn-round u-button-style u-hover-black u-palette-2-base u-radius-50 u-btn-3\">VEDI<\/a>\n              <\/div>\n            <\/div>\n          <\/div>\n        <\/div>\n      <\/div>\n    <\/section>\n    \n    \n    \n    \n  \n","protected":false},"excerpt":{"rendered":"<p>Maison Lombardi 20 anni fa Edgar Jos\u00e8 Lombardi, diplomato all&#8217;accademia di Moda, avvia la sua attivit\u00e0 di stilista. Lavora inizialmente come designer per i pi\u00f9 grandi nomi della moda italiana, e tutt&#8217;ora collabora con alcuni di essi. Ma presto sente la necessit\u00e0 di esprimere la sua idea di moda e di bellezza e crea due &hellip; <a href=\"https:\/\/maisonlombardi.com\/\" class=\"more-link\">Continue reading<span class=\"screen-reader-text\"> &#8220;Homepage&#8221;<\/span><\/a><\/p>\n","protected":false},"author":2,"featured_media":0,"parent":0,"menu_order":4,"comment_status":"closed","ping_status":"closed","template":"","meta":{"footnotes":""},"class_list":["post-82","page","type-page","status-publish","hentry"],"_links":{"self":[{"href":"https:\/\/maisonlombardi.com\/index.php?rest_route=\/wp\/v2\/pages\/82","targetHints":{"allow":["GET"]}}],"collection":[{"href":"https:\/\/maisonlombardi.com\/index.php?rest_route=\/wp\/v2\/pages"}],"about":[{"href":"https:\/\/maisonlombardi.com\/index.php?rest_route=\/wp\/v2\/types\/page"}],"author":[{"embeddable":true,"href":"https:\/\/maisonlombardi.com\/index.php?rest_route=\/wp\/v2\/users\/2"}],"replies":[{"embeddable":true,"href":"https:\/\/maisonlombardi.com\/index.php?rest_route=%2Fwp%2Fv2%2Fcomments&post=82"}],"version-history":[{"count":11,"href":"https:\/\/maisonlombardi.com\/index.php?rest_route=\/wp\/v2\/pages\/82\/revisions"}],"predecessor-version":[{"id":190,"href":"https:\/\/maisonlombardi.com\/index.php?rest_route=\/wp\/v2\/pages\/82\/revisions\/190"}],"wp:attachment":[{"href":"https:\/\/maisonlombardi.com\/index.php?rest_route=%2Fwp%2Fv2%2Fmedia&parent=82"}],"curies":[{"name":"wp","href":"https:\/\/api.w.org\/{rel}","templated":true}]}}