{"id":80,"date":"2024-05-15T17:08:20","date_gmt":"2024-05-15T17:08:20","guid":{"rendered":"https:\/\/maisonlombardi.com\/?page_id=80"},"modified":"2024-11-04T16:50:30","modified_gmt":"2024-11-04T15:50:30","slug":"la-maison","status":"publish","type":"page","link":"https:\/\/maisonlombardi.com\/?page_id=80","title":{"rendered":"La maison"},"content":{"rendered":"\n    \n    <section class=\"u-clearfix u-section-2\" id=\"sec-6558\">\n      <div class=\"u-clearfix u-sheet u-sheet-1\">\n        <div class=\"u-container-style u-expanded-width-sm u-expanded-width-xs u-group u-group-1\">\n          <div class=\"u-container-layout u-container-layout-1\">\n            <h2 class=\"u-text u-text-1\">Maison Lombardi<\/h2>\n            <p class=\"u-text u-text-2\">Il mondo \u00e8 allietato dalla bellezza, che rende le nostre vite piene e le eleva...<br>Maison Lombardi nasce con la missione di celebrare la bellezza e portare il mondo delle favole nella nostra vita quotidiana.<br>Dopo aver frequentato l'accademia della moda di Roma, Jos\u00e9 Lombardi inizia a lavorare come disegnatore di moda per i migliori brand (Valentino, Armani, Dolce e Gabbana), ed in contemporanea avvia una sua attivit\u00e0 personale, che nel tempo cresce e diventa Maison Lombardi haute couture.&nbsp;\n            <\/p>\n          <\/div>\n        <\/div>\n        <div class=\"u-clearfix u-gutter-30 u-layout-wrap u-layout-wrap-1\">\n          <div class=\"u-gutter-0 u-layout\">\n            <div class=\"u-layout-row\">\n              <div class=\"u-container-style u-image u-image-contain u-layout-cell u-left-cell u-size-30 u-image-1\" src=\"\" style=\"background-image: url(&quot;https:\/\/maisonlombardi.com\/wp-content\/uploads\/2024\/05\/20181223jose002sq600.jpg&quot;);\">\n                <div class=\"u-container-layout u-container-layout-2\"><\/div>\n              <\/div>\n              <div class=\"u-container-style u-image u-image-contain u-layout-cell u-right-cell u-size-30 u-image-2\" src=\"\" style=\"background-image: url(&quot;https:\/\/maisonlombardi.com\/wp-content\/uploads\/2024\/05\/20181223giovanni002sq600.jpg&quot;);\">\n                <div class=\"u-container-layout u-container-layout-3\"><\/div>\n              <\/div>\n            <\/div>\n          <\/div>\n        <\/div>\n      <\/div>\n    <\/section>\n    <section class=\"u-clearfix u-section-3\" id=\"sec-116f\">\n      <div class=\"u-clearfix u-sheet u-sheet-1\">\n        <div class=\"data-layout-selected u-clearfix u-expanded-width u-gutter-50 u-layout-wrap u-layout-wrap-1\">\n          <div class=\"u-layout\">\n            <div class=\"u-layout-row\">\n              <div class=\"u-align-left u-container-style u-layout-cell u-left-cell u-size-30 u-layout-cell-1\">\n                <div class=\"u-container-layout u-container-layout-1\">\n                  <div class=\"u-expanded u-video u-video-contain\">\n                    <div class=\"embed-responsive embed-responsive-1\">\n                      <iframe style=\"position: absolute;top: 0;left: 0;width: 100%;height: 100%;\" class=\"embed-responsive-item\" src=\"https:\/\/www.youtube.com\/embed\/sGULpcJKbmc?playlist=sGULpcJKbmc&amp;loop=1&amp;mute=1&amp;showinfo=0&amp;controls=0&amp;start=0&amp;autoplay=1\" data-autoplay=\"1\" frameborder=\"0\" allowfullscreen=\"\"><\/iframe>\n                    <\/div>\n                  <\/div>\n                <\/div>\n              <\/div>\n              <div class=\"u-align-left u-container-style u-layout-cell u-right-cell u-size-30 u-layout-cell-2\">\n                <div class=\"u-container-layout u-valign-middle u-container-layout-2\">\n                  <h2 class=\"u-text u-text-1\">Passione e lavoro<\/h2>\n                  <p class=\"u-text u-text-2\">Dietro ad ogni capo c'\u00e8 innanzitutto un sogno, una visione di bellezza, ma c'\u00e8 anche tanta, tanta passione e moltissimo lavoro per realizzare qualcosa di unico e curato in ogni dettaglio.<br>Tessuti dipinti a mano, ricami preziosissimi, linee eleganti, raffinate soluzioni, tutto \u00e8 una ricerca della perfezione.<br>E ogni attimo di vita \u00e8 fonte di ispirazione, a partire da Roma, la citt\u00e0 che ospita la Maison\n                  <\/p>\n                <\/div>\n              <\/div>\n            <\/div>\n          <\/div>\n        <\/div>\n      <\/div>\n    <\/section>\n    <section class=\"u-carousel u-slide u-block-b4c8-1\" id=\"carousel-e921\" data-interval=\"5000\" data-u-ride=\"carousel\">\n      <ol class=\"u-absolute-hcenter u-carousel-indicators u-block-b4c8-2\">\n        <li data-u-target=\"#carousel-e921\" data-u-slide-to=\"0\" class=\"u-active u-grey-30\"><\/li>\n      <\/ol>\n      <div class=\"u-carousel-inner\" role=\"listbox\">\n        <div class=\"u-active u-align-right u-carousel-item u-clearfix u-image u-image-contain u-section-4-1\" data-image-width=\"1080\" data-image-height=\"1080\" style=\"background-image: url(&quot;https:\/\/maisonlombardi.com\/wp-content\/uploads\/2024\/05\/20231204-lombardi-088-e-comp02xp-sq.jpg&quot;);\">\n          <div class=\"u-clearfix u-sheet u-sheet-1\">\n            <h1 class=\"u-text u-text-palette-1-base u-text-1\"> PASSI\u200bONE <\/h1>\n          <\/div>\n        <\/div>\n      <\/div>\n      <a class=\"u-absolute-vcenter u-carousel-control u-carousel-control-prev u-text-grey-30 u-block-b4c8-3\" href=\"#carousel-e921\" role=\"button\" data-u-slide=\"prev\">\n        <span aria-hidden=\"true\">\n          <svg viewBox=\"0 0 477.175 477.175\"><path d=\"M145.188,238.575l215.5-215.5c5.3-5.3,5.3-13.8,0-19.1s-13.8-5.3-19.1,0l-225.1,225.1c-5.3,5.3-5.3,13.8,0,19.1l225.1,225\n                    c2.6,2.6,6.1,4,9.5,4s6.9-1.3,9.5-4c5.3-5.3,5.3-13.8,0-19.1L145.188,238.575z\"><\/path><\/svg>\n        <\/span>\n        <span class=\"sr-only\">Previous<\/span>\n      <\/a>\n      <a class=\"u-absolute-vcenter u-carousel-control u-carousel-control-next u-text-grey-30 u-block-b4c8-4\" href=\"#carousel-e921\" role=\"button\" data-u-slide=\"next\">\n        <span aria-hidden=\"true\">\n          <svg viewBox=\"0 0 477.175 477.175\"><path d=\"M360.731,229.075l-225.1-225.1c-5.3-5.3-13.8-5.3-19.1,0s-5.3,13.8,0,19.1l215.5,215.5l-215.5,215.5\n                    c-5.3,5.3-5.3,13.8,0,19.1c2.6,2.6,6.1,4,9.5,4c3.4,0,6.9-1.3,9.5-4l225.1-225.1C365.931,242.875,365.931,234.275,360.731,229.075z\"><\/path><\/svg>\n        <\/span>\n        <span class=\"sr-only\">Next<\/span>\n      <\/a>\n    <\/section>\n    \n    \n    \n    \n  \n","protected":false},"excerpt":{"rendered":"<p>Maison Lombardi Il mondo \u00e8 allietato dalla bellezza, che rende le nostre vite piene e le eleva&#8230;Maison Lombardi nasce con la missione di celebrare la bellezza e portare il mondo delle favole nella nostra vita quotidiana.Dopo aver frequentato l&#8217;accademia della moda di Roma, Jos\u00e9 Lombardi inizia a lavorare come disegnatore di moda per i migliori &hellip; <a href=\"https:\/\/maisonlombardi.com\/?page_id=80\" class=\"more-link\">Continue reading<span class=\"screen-reader-text\"> &#8220;La maison&#8221;<\/span><\/a><\/p>\n","protected":false},"author":2,"featured_media":0,"parent":0,"menu_order":2,"comment_status":"closed","ping_status":"closed","template":"","meta":{"footnotes":""},"class_list":["post-80","page","type-page","status-publish","hentry"],"_links":{"self":[{"href":"https:\/\/maisonlombardi.com\/index.php?rest_route=\/wp\/v2\/pages\/80","targetHints":{"allow":["GET"]}}],"collection":[{"href":"https:\/\/maisonlombardi.com\/index.php?rest_route=\/wp\/v2\/pages"}],"about":[{"href":"https:\/\/maisonlombardi.com\/index.php?rest_route=\/wp\/v2\/types\/page"}],"author":[{"embeddable":true,"href":"https:\/\/maisonlombardi.com\/index.php?rest_route=\/wp\/v2\/users\/2"}],"replies":[{"embeddable":true,"href":"https:\/\/maisonlombardi.com\/index.php?rest_route=%2Fwp%2Fv2%2Fcomments&post=80"}],"version-history":[{"count":6,"href":"https:\/\/maisonlombardi.com\/index.php?rest_route=\/wp\/v2\/pages\/80\/revisions"}],"predecessor-version":[{"id":132,"href":"https:\/\/maisonlombardi.com\/index.php?rest_route=\/wp\/v2\/pages\/80\/revisions\/132"}],"wp:attachment":[{"href":"https:\/\/maisonlombardi.com\/index.php?rest_route=%2Fwp%2Fv2%2Fmedia&parent=80"}],"curies":[{"name":"wp","href":"https:\/\/api.w.org\/{rel}","templated":true}]}}